{"id":135,"date":"2018-04-21T00:17:30","date_gmt":"2018-04-21T00:17:30","guid":{"rendered":"http:\/\/gissa.mx\/?page_id=135"},"modified":"2019-04-24T00:22:02","modified_gmt":"2019-04-24T00:22:02","slug":"inicio","status":"publish","type":"page","link":"https:\/\/gissa.mx\/","title":{"rendered":"Inicio"},"content":{"rendered":"<p>[et_pb_section fb_built=&#8221;1&#8243; fullwidth=&#8221;on&#8221; next_background_color=&#8221;#ffffff&#8221; _builder_version=&#8221;3.3.1&#8243; background_image=&#8221;https:\/\/gissa.mx\/wp-content\/uploads\/2018\/05\/GISSA-inicio.jpg&#8221; parallax=&#8221;on&#8221; bottom_divider_style=&#8221;arrow&#8221; bottom_divider_height=&#8221;40px&#8221; custom_css_main_element=&#8221;min-height:400px;&#8221;][et_pb_fullwidth_header text_orientation=&#8221;center&#8221; header_scroll_down=&#8221;on&#8221; scroll_down_icon=&#8221;%%5%%&#8221; scroll_down_icon_color=&#8221;#f39200&#8243; scroll_down_icon_size=&#8221;60px&#8221; logo_image_url=&#8221;https:\/\/gissa.mx\/wp-content\/uploads\/2018\/05\/GISSA-logo-color.png&#8221; image_orientation=&#8221;bottom&#8221; scroll_down_icon_size_tablet=&#8221;55px&#8221; scroll_down_icon_size_phone=&#8221;50px&#8221; scroll_down_icon_size_last_edited=&#8221;on|phone&#8221; _builder_version=&#8221;3.16&#8243; title_font=&#8221;Averia Sans Libre|700|||||||&#8221; title_font_size=&#8221;34px&#8221; title_font_size_tablet=&#8221;30px&#8221; title_font_size_phone=&#8221;27px&#8221; title_font_size_last_edited=&#8221;on|phone&#8221; background_color=&#8221;rgba(255, 255, 255, 0)&#8221; custom_padding=&#8221;150px|||&#8221; custom_padding_tablet=&#8221;100px|||&#8221; custom_padding_last_edited=&#8221;on|desktop&#8221; text_shadow_style=&#8221;preset1&#8243; button_one_text_size__hover_enabled=&#8221;off&#8221; button_two_text_size__hover_enabled=&#8221;off&#8221; button_one_text_color__hover_enabled=&#8221;off&#8221; button_two_text_color__hover_enabled=&#8221;off&#8221; button_one_border_width__hover_enabled=&#8221;off&#8221; button_two_border_width__hover_enabled=&#8221;off&#8221; button_one_border_color__hover_enabled=&#8221;off&#8221; button_two_border_color__hover_enabled=&#8221;off&#8221; button_one_border_radius__hover_enabled=&#8221;off&#8221; button_two_border_radius__hover_enabled=&#8221;off&#8221; button_one_letter_spacing__hover_enabled=&#8221;off&#8221; button_two_letter_spacing__hover_enabled=&#8221;off&#8221; button_one_bg_color__hover_enabled=&#8221;off&#8221; button_two_bg_color__hover_enabled=&#8221;off&#8221;]<\/p>\n<h1><\/h1>\n<p>&nbsp;<\/p>\n<h1><\/h1>\n<h1><em>Una apuesta por la especializaci\u00f3n<\/em><\/h1>\n<p>&nbsp;<\/p>\n<p>&nbsp;<br \/>\n[\/et_pb_fullwidth_header][\/et_pb_section][et_pb_section fb_built=&#8221;1&#8243; admin_label=&#8221;quienes-somos&#8221; module_id=&#8221;quienes-somos&#8221; _builder_version=&#8221;3.3.1&#8243; background_image=&#8221;https:\/\/gissa.mx\/wp-content\/uploads\/2018\/05\/GISSA-shape.png&#8221; parallax=&#8221;on&#8221;][et_pb_row _builder_version=&#8221;3.0.48&#8243; background_size=&#8221;initial&#8221; background_position=&#8221;top_left&#8221; background_repeat=&#8221;repeat&#8221;][et_pb_column type=&#8221;4_4&#8243; _builder_version=&#8221;3.0.47&#8243;][et_pb_text admin_label=&#8221;Quienes somos&#8221; _builder_version=&#8221;3.4.1&#8243; text_font_size_tablet=&#8221;15px&#8221; text_font_size_phone=&#8221;14px&#8221; text_font_size_last_edited=&#8221;on|tablet&#8221; header_font_size_tablet=&#8221;34px&#8221; header_font_size_phone=&#8221;32px&#8221; header_font_size_last_edited=&#8221;on|desktop&#8221;]<\/p>\n<h1 style=\"text-align: center;\">\u00bfQUI\u00c9NES SOMOS?<\/h1>\n<p>&nbsp;<\/p>\n<p style=\"text-align: center;\">Promediando mas de 20 a\u00f1os de experiencia en cada uno sus socios consultores, Geosoluciones en Ingenier\u00eda y Sistemas, S.A. (<strong>GISSA<\/strong>), es un Bufete Consultor especializado en Administraci\u00f3n de Proyectos de Tecnolog\u00edas de la Informaci\u00f3n y las Comunicaciones.<\/p>\n<p style=\"text-align: center;\">Ofrecemos servicios de alta experiencia y especializaci\u00f3n en Geom\u00e1tica, GIS, GPS, Percepci\u00f3n Remota y Fotogrametr\u00eda, lo que nos permite asegurar un servicio de la m\u00e1s alta cali\ufb01caci\u00f3n con los profesionales m\u00e1s capacitados y experimentados, incorporando incluso la participaci\u00f3n de expertos colaboradores independientes con empresas l\u00edderes en el ramo.<\/p>\n<p style=\"text-align: center;\">Basamos nuestra sede en la Ciudad de M\u00e9xico, y hacemos uso de una extensa cartera de contactos y experiencias asentados en Centroam\u00e9rica y Estados Unidos.<\/p>\n<p style=\"text-align: center;\">En <strong>GISSA<\/strong> ofrecemos servicios integrales de una alta especializaci\u00f3n que permiten dar respuesta a cuestiones complejas y personalizadas, de manera que el cliente obtiene una soluci\u00f3n espec\u00edfica a su proyecto en particular.<\/p>\n<p style=\"text-align: center;\">La Firma aplica todo su conocimiento y sus servicios de mediaci\u00f3n comercial con los proveedores tecnol\u00f3gicos m\u00e1s importantes en el \u00e1mbito local e internacional, por lo que nuestras soluciones incluyen los insumos que se requieren, de manera que el cliente pueda aplicar f\u00e1cilmente los Procesos y Mejores Pr\u00e1cticas existentes en sus proyectos.<\/p>\n<p>[\/et_pb_text][\/et_pb_column][\/et_pb_row][\/et_pb_section][et_pb_section fb_built=&#8221;1&#8243; prev_background_color=&#8221;#ffffff&#8221; next_background_color=&#8221;#ffffff&#8221; admin_label=&#8221;mision&#8221; module_id=&#8221;mision&#8221; _builder_version=&#8221;3.3.1&#8243; background_image=&#8221;https:\/\/gissa.mx\/wp-content\/uploads\/2018\/05\/GISSA-mision.jpg&#8221; parallax=&#8221;on&#8221; top_divider_style=&#8221;arrow3&#8243; top_divider_height=&#8221;70px&#8221; top_divider_flip=&#8221;vertical&#8221; top_divider_arrangement=&#8221;above_content&#8221; bottom_divider_style=&#8221;arrow2&#8243; bottom_divider_height=&#8221;70px&#8221;][et_pb_row _builder_version=&#8221;3.0.48&#8243; background_size=&#8221;initial&#8221; background_position=&#8221;top_left&#8221; background_repeat=&#8221;repeat&#8221;][et_pb_column type=&#8221;4_4&#8243; _builder_version=&#8221;3.0.47&#8243;][et_pb_text admin_label=&#8221;Mision&#8221; _builder_version=&#8221;3.3.1&#8243; text_font_size_tablet=&#8221;15px&#8221; text_font_size_phone=&#8221;14px&#8221; text_font_size_last_edited=&#8221;on|phone&#8221; text_text_shadow_style=&#8221;preset1&#8243; header_font=&#8221;|600|||||||&#8221; header_text_align=&#8221;center&#8221; header_text_color=&#8221;#ffffff&#8221; header_font_size_tablet=&#8221;34px&#8221; header_font_size_phone=&#8221;32px&#8221; header_font_size_last_edited=&#8221;on|phone&#8221; header_letter_spacing=&#8221;1px&#8221; header_text_shadow_style=&#8221;preset3&#8243; header_3_text_color=&#8221;#ffffff&#8221; header_3_font_size_tablet=&#8221;21px&#8221; header_3_font_size_phone=&#8221;20px&#8221; header_3_font_size_last_edited=&#8221;on|phone&#8221; header_3_line_height=&#8221;1.2em&#8221; header_3_text_shadow_style=&#8221;preset1&#8243; text_orientation=&#8221;center&#8221; background_layout=&#8221;dark&#8221;]<\/p>\n<h1><\/h1>\n<p>&nbsp;<\/p>\n<h1 style=\"text-align: center;\">MISI\u00d3N<\/h1>\n<p>&nbsp;<\/p>\n<h3 style=\"text-align: center;\"><em>Aportar valor a los flujos de trabajo por medio del uso de geo tecnolog\u00edas<\/em><\/h3>\n<p>&nbsp;<\/p>\n<p style=\"text-align: center;\">El cliente es la raz\u00f3n de ser del grupo GISSA y toda la pol\u00edtica comercial del Bufete se dise\u00f1a con el fin de lograr su satisfacci\u00f3n. El respeto por el cliente y la dedicaci\u00f3n de todos los socios consultores.<\/p>\n<p style=\"text-align: center;\">Nuestra misi\u00f3n es ayudar a los clientes a alcanzar la excelencia, en base a cinco premisas fundamentales:<\/p>\n<hr \/>\n<p class=\"p1\" style=\"text-align: center;\"><em><strong><span class=\"s1\">Basarse en la Experiencia con conocimientos<\/span><\/strong><\/em><\/p>\n<p style=\"text-align: center;\"><em><strong><span class=\"s1\">Optimizaci\u00f3n de flujos de trabajo y procesos<\/span><\/strong><\/em><\/p>\n<p style=\"text-align: center;\"><em><strong><span class=\"s1\">Aplicaci\u00f3n de Tecnolog\u00eda de Vanguardia<\/span><\/strong><\/em><\/p>\n<p style=\"text-align: center;\"><em><strong><span class=\"s1\">Seriedad en el Desempe\u00f1o Profesional<\/span><\/strong><\/em><\/p>\n<p class=\"p1\" style=\"text-align: center;\"><em><strong><span class=\"s1\">Aptitud especializada comprobada<\/span><\/strong><\/em><\/p>\n<hr \/>\n<p>[\/et_pb_text][\/et_pb_column][\/et_pb_row][\/et_pb_section][et_pb_section fb_built=&#8221;1&#8243; admin_label=&#8221;recurso-humano&#8221; module_id=&#8221;recurso-humano&#8221; _builder_version=&#8221;3.3.1&#8243;][et_pb_row _builder_version=&#8221;3.0.48&#8243; background_size=&#8221;initial&#8221; background_position=&#8221;top_left&#8221; background_repeat=&#8221;repeat&#8221;][et_pb_column type=&#8221;4_4&#8243; _builder_version=&#8221;3.0.47&#8243;][et_pb_text admin_label=&#8221;Recurso Humano&#8221; _builder_version=&#8221;3.3.1&#8243; text_font_size_tablet=&#8221;15px&#8221; text_font_size_phone=&#8221;14px&#8221; text_font_size_last_edited=&#8221;on|phone&#8221; header_font_size_tablet=&#8221;34px&#8221; header_font_size_phone=&#8221;32px&#8221; header_font_size_last_edited=&#8221;on|phone&#8221; header_3_text_align=&#8221;center&#8221; header_3_text_color=&#8221;#41bbca&#8221; header_3_font_size=&#8221;21px&#8221; header_3_font_size_tablet=&#8221;20px&#8221; header_3_font_size_phone=&#8221;19px&#8221; header_3_font_size_last_edited=&#8221;on|phone&#8221; header_3_line_height=&#8221;1.2em&#8221; header_4_font_size_last_edited=&#8221;off|phone&#8221; custom_margin=&#8221;||-20px|&#8221;]<\/p>\n<h1 style=\"text-align: center;\">RECURSO HUMANO<\/h1>\n<p>&nbsp;<\/p>\n<h3 style=\"text-align: center;\"><em>Nuestro equipo de trabajo es liderado por los Ingenieros Jaime Pinz\u00f3n de Hijar y Jorge Monta\u00f1o Jim\u00e9nez, socios consultores fundadores de GISSA, en colaboraci\u00f3n con un equipo formado por 3 Consultores Senior en Direcci\u00f3n de Proyecto m\u00e1s 18 Consultores M\u00e1ster para Gerencia de Proyecto<\/em><\/h3>\n<p>&nbsp;<\/p>\n<p style=\"text-align: left;\">El equipo de ingenieros y profesionales de GISSA presta un asesoramiento t\u00e9cnico experto en las siguientes \u00e1reas de las Tecnolog\u00edas de la Informaci\u00f3n:<\/p>\n<p>[\/et_pb_text][\/et_pb_column][\/et_pb_row][et_pb_row _builder_version=&#8221;3.0.48&#8243; background_size=&#8221;initial&#8221; background_position=&#8221;top_left&#8221; background_repeat=&#8221;repeat&#8221;][et_pb_column type=&#8221;1_2&#8243; _builder_version=&#8221;3.0.47&#8243;][et_pb_text _builder_version=&#8221;3.4.1&#8243; text_font_size_tablet=&#8221;15px&#8221; text_font_size_phone=&#8221;14px&#8221; text_font_size_last_edited=&#8221;on|phone&#8221; custom_margin=&#8221;||0px|&#8221;]<\/p>\n<ul>\n<li>Project Management (PM)<\/li>\n<li>Percepci\u00f3n Remota Satelital, Fotogrametr\u00eda y Drones (UAV)<\/li>\n<li>Sistemas de Informaci\u00f3n Geogr\u00e1fica (GIS)<\/li>\n<li>Bases de Datos Georrefenciadas y BigData<\/li>\n<li>Tecnolog\u00edas de Sistemas de Posicionamiento Global (GPS)<\/li>\n<\/ul>\n<p>[\/et_pb_text][\/et_pb_column][et_pb_column type=&#8221;1_2&#8243; _builder_version=&#8221;3.0.47&#8243;][et_pb_text _builder_version=&#8221;3.4.1&#8243; text_font_size_tablet=&#8221;15px&#8221; text_font_size_phone=&#8221;14px&#8221; text_font_size_last_edited=&#8221;on|phone&#8221; custom_margin=&#8221;-10px||10px|&#8221;]<\/p>\n<ul>\n<li>Equipos de medici\u00f3n geoespacial y terrestre<\/li>\n<li>Building Information Modeling (BIM)<\/li>\n<li>Metodolog\u00edas de campo de Topograf\u00eda y Geodesia<\/li>\n<li>Cartograf\u00eda aplicada a Soluciones Catastrales<\/li>\n<\/ul>\n<p>[\/et_pb_text][et_pb_button button_url=&#8221;https:\/\/gissa.mx\/index.php\/perfiles\/&#8221; button_text=&#8221;Ver Perfiles&#8221; disabled_on=&#8221;on|on|on&#8221; _builder_version=&#8221;3.16&#8243; disabled=&#8221;on&#8221; button_text_size__hover_enabled=&#8221;off&#8221; button_one_text_size__hover_enabled=&#8221;off&#8221; button_two_text_size__hover_enabled=&#8221;off&#8221; button_text_color__hover_enabled=&#8221;off&#8221; button_one_text_color__hover_enabled=&#8221;off&#8221; button_two_text_color__hover_enabled=&#8221;off&#8221; button_border_width__hover_enabled=&#8221;off&#8221; button_one_border_width__hover_enabled=&#8221;off&#8221; button_two_border_width__hover_enabled=&#8221;off&#8221; button_border_color__hover_enabled=&#8221;off&#8221; button_one_border_color__hover_enabled=&#8221;off&#8221; button_two_border_color__hover_enabled=&#8221;off&#8221; button_border_radius__hover_enabled=&#8221;off&#8221; button_one_border_radius__hover_enabled=&#8221;off&#8221; button_two_border_radius__hover_enabled=&#8221;off&#8221; button_letter_spacing__hover_enabled=&#8221;off&#8221; button_one_letter_spacing__hover_enabled=&#8221;off&#8221; button_two_letter_spacing__hover_enabled=&#8221;off&#8221; button_bg_color__hover_enabled=&#8221;off&#8221; button_one_bg_color__hover_enabled=&#8221;off&#8221; button_two_bg_color__hover_enabled=&#8221;off&#8221;][\/et_pb_button][\/et_pb_column][\/et_pb_row][\/et_pb_section][et_pb_section fb_built=&#8221;1&#8243; specialty=&#8221;on&#8221; prev_background_color=&#8221;#ffffff&#8221; _builder_version=&#8221;3.3.1&#8243; background_color=&#8221;#203c89&#8243; border_width_all=&#8221;1px&#8221; border_color_all=&#8221;#f39400&#8243; border_width_top=&#8221;0px&#8221; border_width_right=&#8221;0px&#8221; border_width_left=&#8221;0px&#8221; custom_margin_last_edited=&#8221;on|desktop&#8221; custom_padding=&#8221;||0px|&#8221; top_divider_style=&#8221;arrow2&#8243; top_divider_height=&#8221;41px&#8221; top_divider_flip=&#8221;vertical&#8221; global_module=&#8221;639&#8243;][et_pb_column type=&#8221;1_4&#8243; _builder_version=&#8221;3.0.47&#8243;][et_pb_image src=&#8221;https:\/\/gissa.mx\/wp-content\/uploads\/2018\/05\/GISSA-logo-WC.png&#8221; url=&#8221;http:\/\/www.gissa.mx&#8221; align=&#8221;center&#8221; _builder_version=&#8221;3.3.1&#8243; custom_margin=&#8221;-25px|||&#8221; custom_css_main_element=&#8221;max-width:150px;&#8221;][\/et_pb_image][et_pb_button button_url=&#8221;https:\/\/gissa.mx\/index.php\/contacto\/&#8221; button_text=&#8221;Contactar&#8221; button_alignment=&#8221;center&#8221; _builder_version=&#8221;3.16&#8243; custom_button=&#8221;on&#8221; button_bg_color=&#8221;#fffbf4&#8243; button_border_width=&#8221;0&#8243; button_bg_color_hover=&#8221;#fffbf4&#8243; button_text_size__hover_enabled=&#8221;off&#8221; button_one_text_size__hover_enabled=&#8221;off&#8221; button_two_text_size__hover_enabled=&#8221;off&#8221; button_text_color__hover_enabled=&#8221;off&#8221; button_one_text_color__hover_enabled=&#8221;off&#8221; button_two_text_color__hover_enabled=&#8221;off&#8221; button_border_width__hover_enabled=&#8221;off&#8221; button_one_border_width__hover_enabled=&#8221;off&#8221; button_two_border_width__hover_enabled=&#8221;off&#8221; button_border_color__hover_enabled=&#8221;off&#8221; button_one_border_color__hover_enabled=&#8221;off&#8221; button_two_border_color__hover_enabled=&#8221;off&#8221; button_border_radius__hover_enabled=&#8221;off&#8221; button_one_border_radius__hover_enabled=&#8221;off&#8221; button_two_border_radius__hover_enabled=&#8221;off&#8221; button_letter_spacing__hover_enabled=&#8221;off&#8221; button_one_letter_spacing__hover_enabled=&#8221;off&#8221; button_two_letter_spacing__hover_enabled=&#8221;off&#8221; button_bg_color__hover_enabled=&#8221;on&#8221; button_bg_color__hover=&#8221;#fffbf4&#8243; button_one_bg_color__hover_enabled=&#8221;off&#8221; button_two_bg_color__hover_enabled=&#8221;off&#8221;][\/et_pb_button][\/et_pb_column][et_pb_column type=&#8221;3_4&#8243; specialty_columns=&#8221;3&#8243; _builder_version=&#8221;3.0.47&#8243;][et_pb_row_inner admin_label=&#8221;Fila&#8221; _builder_version=&#8221;3.3.1&#8243;][et_pb_column_inner type=&#8221;4_4&#8243; saved_specialty_column_type=&#8221;3_4&#8243; _builder_version=&#8221;3.0.47&#8243;][et_pb_text _builder_version=&#8221;3.3.1&#8243; text_text_color=&#8221;#b5dee6&#8243; text_font_size_tablet=&#8221;15px&#8221; text_font_size_phone=&#8221;14px&#8221; text_font_size_last_edited=&#8221;on|phone&#8221; background_layout=&#8221;dark&#8221;]<\/p>\n<p style=\"text-align: center;\"><strong>Donde estamos<\/strong><\/p>\n<p>[\/et_pb_text][et_pb_divider color=&#8221;#b5dee6&#8243; height=&#8221;5px&#8221; _builder_version=&#8221;3.3.1&#8243; custom_margin=&#8221;-10px||-35px|&#8221;][\/et_pb_divider][\/et_pb_column_inner][\/et_pb_row_inner][et_pb_row_inner _builder_version=&#8221;3.20.2&#8243;][et_pb_column_inner type=&#8221;1_2&#8243; saved_specialty_column_type=&#8221;3_4&#8243;][et_pb_text _builder_version=&#8221;3.4.1&#8243; text_font_size=&#8221;14px&#8221; text_font_size_tablet=&#8221;13px&#8221; text_font_size_phone=&#8221;12px&#8221; text_font_size_last_edited=&#8221;on|desktop&#8221; text_line_height=&#8221;1.2em&#8221; header_4_text_color=&#8221;#fffbf4&#8243; background_layout=&#8221;dark&#8221;]<\/p>\n<h4 class=\"p1\"><em><strong><span class=\"s1\">Crea Business Center<\/span><\/strong><\/em><\/h4>\n<p class=\"p1\"><span class=\"s1\"> Eje 3 Poniente (Av. Coyoac\u00e1n) 1622<\/span><\/p>\n<p class=\"p1\"><span class=\"s1\">Del Valle,\u00a0Benito Ju\u00e1rez<\/span><\/p>\n<p class=\"p1\"><span class=\"s1\">03100, CDMX<\/span><\/p>\n<p>[\/et_pb_text][\/et_pb_column_inner][et_pb_column_inner type=&#8221;1_2&#8243; saved_specialty_column_type=&#8221;3_4&#8243;][et_pb_text _builder_version=&#8221;3.4.1&#8243; text_font_size=&#8221;14px&#8221; text_font_size_tablet=&#8221;13px&#8221; text_font_size_phone=&#8221;12px&#8221; text_font_size_last_edited=&#8221;on|desktop&#8221; text_line_height=&#8221;1.2em&#8221; header_4_text_color=&#8221;#fffbf4&#8243; background_layout=&#8221;dark&#8221;]<\/p>\n<h4 class=\"p1\"><em><strong><span class=\"s1\">Complejo Metr\u00f3poli Patriotismo<\/span><\/strong><\/em><\/h4>\n<p class=\"p1\"><span class=\"s1\">Avenida Patriotismo 229, Piso 7<\/span><\/p>\n<p class=\"p1\"><span class=\"s1\">San Pedro de los Pinos, Benito Ju\u00e1rez<\/span><\/p>\n<p class=\"p1\"><span class=\"s1\">03800, CDMX<\/span><\/p>\n<p>[\/et_pb_text][\/et_pb_column_inner][\/et_pb_row_inner][\/et_pb_column][\/et_pb_section]<\/p>\n","protected":false},"excerpt":{"rendered":"<p>[et_pb_section fb_built=&#8221;1&#8243; fullwidth=&#8221;on&#8221; next_background_color=&#8221;#ffffff&#8221; _builder_version=&#8221;3.3.1&#8243; background_image=&#8221;https:\/\/gissa.mx\/wp-content\/uploads\/2018\/05\/GISSA-inicio.jpg&#8221; parallax=&#8221;on&#8221; bottom_divider_style=&#8221;arrow&#8221; bottom_divider_height=&#8221;40px&#8221; custom_css_main_element=&#8221;min-height:400px;&#8221;][et_pb_fullwidth_header text_orientation=&#8221;center&#8221; header_scroll_down=&#8221;on&#8221; scroll_down_icon=&#8221;%%5%%&#8221; scroll_down_icon_color=&#8221;#f39200&#8243; scroll_down_icon_size=&#8221;60px&#8221; logo_image_url=&#8221;https:\/\/gissa.mx\/wp-content\/uploads\/2018\/05\/GISSA-logo-color.png&#8221; image_orientation=&#8221;bottom&#8221; scroll_down_icon_size_tablet=&#8221;55px&#8221; scroll_down_icon_size_phone=&#8221;50px&#8221; scroll_down_icon_size_last_edited=&#8221;on|phone&#8221; _builder_version=&#8221;3.16&#8243; title_font=&#8221;Averia Sans Libre|700|||||||&#8221; title_font_size=&#8221;34px&#8221; title_font_size_tablet=&#8221;30px&#8221; title_font_size_phone=&#8221;27px&#8221; title_font_size_last_edited=&#8221;on|phone&#8221; background_color=&#8221;rgba(255, 255, 255, 0)&#8221; custom_padding=&#8221;150px|||&#8221; custom_padding_tablet=&#8221;100px|||&#8221; custom_padding_last_edited=&#8221;on|desktop&#8221; text_shadow_style=&#8221;preset1&#8243; button_one_text_size__hover_enabled=&#8221;off&#8221; button_two_text_size__hover_enabled=&#8221;off&#8221; button_one_text_color__hover_enabled=&#8221;off&#8221; button_two_text_color__hover_enabled=&#8221;off&#8221; button_one_border_width__hover_enabled=&#8221;off&#8221; button_two_border_width__hover_enabled=&#8221;off&#8221; button_one_border_color__hover_enabled=&#8221;off&#8221; button_two_border_color__hover_enabled=&#8221;off&#8221; button_one_border_radius__hover_enabled=&#8221;off&#8221; button_two_border_radius__hover_enabled=&#8221;off&#8221; button_one_letter_spacing__hover_enabled=&#8221;off&#8221; button_two_letter_spacing__hover_enabled=&#8221;off&#8221; button_one_bg_color__hover_enabled=&#8221;off&#8221; button_two_bg_color__hover_enabled=&#8221;off&#8221;] &nbsp; Una apuesta por la [&hellip;]<\/p>\n","protected":false},"author":1,"featured_media":0,"parent":0,"menu_order":0,"comment_status":"closed","ping_status":"closed","template":"","meta":{"_et_pb_use_builder":"on","_et_pb_old_content":"","_et_gb_content_width":"","footnotes":""},"class_list":["post-135","page","type-page","status-publish","hentry"],"_links":{"self":[{"href":"https:\/\/gissa.mx\/index.php\/wp-json\/wp\/v2\/pages\/135","targetHints":{"allow":["GET"]}}],"collection":[{"href":"https:\/\/gissa.mx\/index.php\/wp-json\/wp\/v2\/pages"}],"about":[{"href":"https:\/\/gissa.mx\/index.php\/wp-json\/wp\/v2\/types\/page"}],"author":[{"embeddable":true,"href":"https:\/\/gissa.mx\/index.php\/wp-json\/wp\/v2\/users\/1"}],"replies":[{"embeddable":true,"href":"https:\/\/gissa.mx\/index.php\/wp-json\/wp\/v2\/comments?post=135"}],"version-history":[{"count":100,"href":"https:\/\/gissa.mx\/index.php\/wp-json\/wp\/v2\/pages\/135\/revisions"}],"predecessor-version":[{"id":705,"href":"https:\/\/gissa.mx\/index.php\/wp-json\/wp\/v2\/pages\/135\/revisions\/705"}],"wp:attachment":[{"href":"https:\/\/gissa.mx\/index.php\/wp-json\/wp\/v2\/media?parent=135"}],"curies":[{"name":"wp","href":"https:\/\/api.w.org\/{rel}","templated":true}]}}