{"id":277,"date":"2018-05-21T22:45:27","date_gmt":"2018-05-21T22:45:27","guid":{"rendered":"http:\/\/gissa.mx\/?page_id=277"},"modified":"2018-05-28T14:09:07","modified_gmt":"2018-05-28T14:09:07","slug":"consultoria","status":"publish","type":"page","link":"https:\/\/gissa.mx\/index.php\/consultoria\/","title":{"rendered":"Consultoria"},"content":{"rendered":"<p>[et_pb_section bb_built=&#8221;1&#8243; fullwidth=&#8221;on&#8221; specialty=&#8221;off&#8221; _builder_version=&#8221;3.3.1&#8243; background_image=&#8221;https:\/\/gissa.mx\/wp-content\/uploads\/2018\/05\/GISSA-consultoria.jpg&#8221; parallax=&#8221;on&#8221; bottom_divider_style=&#8221;arrow&#8221; bottom_divider_height=&#8221;40px&#8221; custom_css_main_element=&#8221;min-height:600px;&#8221; next_background_color=&#8221;#ffffff&#8221;][et_pb_fullwidth_header admin_label=&#8221;Consultor\u00eda&#8221; _builder_version=&#8221;3.3.1&#8243; text_orientation=&#8221;center&#8221; header_scroll_down=&#8221;on&#8221; scroll_down_icon=&#8221;%%5%%&#8221; scroll_down_icon_size=&#8221;60px&#8221; image_orientation=&#8221;bottom&#8221; text_shadow_style=&#8221;preset1&#8243; background_color=&#8221;rgba(255, 255, 255, 0)&#8221; title_text_color=&#8221;#b5dee6&#8243; title_font_size=&#8221;40px&#8221; title_font_size_tablet=&#8221;37px&#8221; title_font_size_phone=&#8221;34px&#8221; title_font_size_last_edited=&#8221;on|phone&#8221; title_text_shadow_style=&#8221;preset3&#8243; title_text_shadow_color=&#8221;rgba(0,0,0,0.6)&#8221; title_line_height=&#8221;1.2em&#8221; scroll_down_icon_color=&#8221;#f39200&#8243; scroll_down_icon_size_tablet=&#8221;55px&#8221; scroll_down_icon_size_last_edited=&#8221;on|tablet&#8221; content_text_color=&#8221;#ffffff&#8221; content_font_size=&#8221;34px&#8221; content_text_shadow_style=&#8221;preset1&#8243; content_font_size_last_edited=&#8221;on|phone&#8221; content_line_height=&#8221;1.5em&#8221; content_font=&#8221;Averia Sans Libre|700|||||||&#8221; content_font_size_tablet=&#8221;30px&#8221; content_font_size_phone=&#8221;27px&#8221;]<\/p>\n<h1><\/h1>\n<p>&nbsp;<\/p>\n<p>&nbsp;<\/p>\n<p>&nbsp;<\/p>\n<h1 style=\"text-align: center;\">CONSULTOR\u00cdA GISSA<\/h1>\n<p>&nbsp;<\/p>\n<p>&nbsp;<\/p>\n<p style=\"text-align: center;\"><strong><em>Consultor\u00eda tecnol\u00f3gica especializada<\/em><\/strong><\/p>\n<p>&nbsp;<\/p>\n<p>&nbsp;<\/p>\n<p>[\/et_pb_fullwidth_header][\/et_pb_section][et_pb_section bb_built=&#8221;1&#8243; fullwidth=&#8221;off&#8221; specialty=&#8221;off&#8221; prev_background_color=&#8221;#000000&#8243; next_background_color=&#8221;#203c89&#8243;][et_pb_row][et_pb_column type=&#8221;4_4&#8243;][et_pb_text admin_label=&#8221;Subtitulo&#8221; _builder_version=&#8221;3.3.1&#8243; header_3_font=&#8221;|600|||||||&#8221; header_3_text_color=&#8221;#41bbca&#8221; header_3_font_size_tablet=&#8221;21px&#8221; header_3_font_size_phone=&#8221;20px&#8221; header_3_font_size_last_edited=&#8221;on|tablet&#8221; header_3_line_height=&#8221;1.2em&#8221; header_3_text_shadow_blur_strength=&#8221;0.3em&#8221;]<\/p>\n<h3 style=\"text-align: center;\"><em>GISSA es un <strong>Bufete de Consultor\u00eda consolidado de expertos<\/strong> que, con m\u00e1s de 20 a\u00f1os en el medio, opera en m\u00faltiples \u00e1reas del conocimiento en las ciencias geoespaciales ofreciendo Consultor\u00eda tecnol\u00f3gica especializada<\/em><\/h3>\n<p>[\/et_pb_text][\/et_pb_column][\/et_pb_row][et_pb_row][et_pb_column type=&#8221;1_3&#8243;][et_pb_image admin_label=&#8221;Iconos&#8221; _builder_version=&#8221;3.3.1&#8243; src=&#8221;https:\/\/gissa.mx\/wp-content\/uploads\/2018\/05\/GISSA-iconos-consultoria-1.jpg&#8221; box_shadow_style=&#8221;preset2&#8243; animation_style=&#8221;zoom&#8221; \/][\/et_pb_column][et_pb_column type=&#8221;2_3&#8243;][et_pb_text _builder_version=&#8221;3.3.1&#8243; text_font_size_tablet=&#8221;15px&#8221; text_font_size_last_edited=&#8221;on|desktop&#8221; text_font_size_phone=&#8221;14px&#8221;]<\/p>\n<p>La consultor\u00eda t\u00e9cnica GISSA inicia con establecer un marco de referencia en nuestro producto \u201c<strong>Opini\u00f3n T\u00e9cnica<\/strong>\u201d en la materia de inter\u00e9s del cliente, as\u00ed como la estructuraci\u00f3n del producto \u201c<strong>Bolsa de Horas de Asesoramiento Presencial<\/strong>\u201d a aplicar en juntas con terceros, supervisi\u00f3n, y asesor\u00eda con la \ufb01nalidad de que el cliente pueda implementar las soluciones dise\u00f1adas por GISSA dentro de los servicios y productos del proyecto. Con el objetivo de apoyar la consecuci\u00f3n de las metas del proyecto se establecer\u00e1 la \u201c<strong>Oficina de Administraci\u00f3n del Proyecto\u201d<\/strong> de acuerdo criterios del PMI, Finalmente se incluye la \u201c<strong>Gesti\u00f3n Operativa Comercial\u201d<\/strong> para la adquisici\u00f3n de equipos, insumos, herramientas de software y contrataci\u00f3n del personal calificado de acuerdo con los requerimientos de cada proyecto.<\/p>\n<p>La Firma presta especial atenci\u00f3n a la \u201c<strong>Transferencia del Conocimiento\u201d<\/strong> con capacitaci\u00f3n adecuada, ofertando cursos espec\u00edficos, seg\u00fan los requerimientos y necesidades de cada cliente, considerando la materia y el p\u00fablico objetivo en particular.<\/p>\n<p>[\/et_pb_text][\/et_pb_column][\/et_pb_row][et_pb_row][et_pb_column type=&#8221;1_2&#8243;][et_pb_text admin_label=&#8221;Portafolio de Productos&#8221; _builder_version=&#8221;3.3.1&#8243; background_color=&#8221;#24388d&#8221; header_4_text_align=&#8221;center&#8221; text_orientation=&#8221;center&#8221; background_layout=&#8221;dark&#8221; header_4_font=&#8221;|600|||||||&#8221; header_4_text_color=&#8221;#b5dee6&#8243; header_4_font_size=&#8221;20px&#8221; header_4_font_size_tablet=&#8221;19px&#8221; header_4_font_size_phone=&#8221;18px&#8221; header_4_font_size_last_edited=&#8221;on|phone&#8221; header_4_line_height=&#8221;1.5em&#8221; header_4_text_shadow_style=&#8221;preset2&#8243; custom_padding=&#8221;10px|||&#8221; custom_margin=&#8221;||5px|&#8221;]<\/p>\n<h4 style=\"text-align: center;\"><strong>Portafolio de Productos<\/strong><\/h4>\n<p>[\/et_pb_text][et_pb_text _builder_version=&#8221;3.3.1&#8243; ul_item_indent=&#8221;18px&#8221; ul_position=&#8221;inside&#8221; ul_text_color=&#8221;#24388d&#8221; border_width_all=&#8221;1px&#8221; border_color_all=&#8221;#f39200&#8243; custom_padding=&#8221;10px|10px|10px|10px&#8221; animation_style=&#8221;zoom&#8221; ul_font_size_phone=&#8221;13px&#8221; ul_font_size_last_edited=&#8221;on|phone&#8221; text_font_size_tablet=&#8221;15px&#8221; text_font_size_phone=&#8221;14px&#8221; text_font_size_last_edited=&#8221;on|phone&#8221;]<\/p>\n<ul>\n<li><strong>Opini\u00f3n T\u00e9cnica<\/strong> con informe extenso e informe ejecutivo (<strong>OT<\/strong>)<\/li>\n<li><strong>Bolsa de Horas<\/strong> de asesoramiento y apoyo presenciales (<strong>BAP<\/strong>)<\/li>\n<li>Establecimiento de la <strong>Oficina de Administraci\u00f3n de Proyecto<\/strong> (<strong>PMO<\/strong>)<\/li>\n<li>Asignaci\u00f3n de los instructores que asegure la <strong>Transferencia del Conocimiento<\/strong> adecuada (<strong>TC<\/strong>)<\/li>\n<li><strong>Gesti\u00f3n Operativa Comercial<\/strong> para ejecuci\u00f3n de presupuestos y calendarizaci\u00f3n de metas (<strong>GOC<\/strong>)<\/li>\n<\/ul>\n<p>[\/et_pb_text][\/et_pb_column][et_pb_column type=&#8221;1_2&#8243;][et_pb_text admin_label=&#8221;Portafolio Tem\u00e1tico&#8221; _builder_version=&#8221;3.3.1&#8243; background_color=&#8221;#24388d&#8221; header_4_text_align=&#8221;center&#8221; text_orientation=&#8221;center&#8221; background_layout=&#8221;dark&#8221; header_4_font=&#8221;|600|||||||&#8221; header_4_text_color=&#8221;#b5dee6&#8243; header_4_font_size=&#8221;20px&#8221; header_4_font_size_tablet=&#8221;19px&#8221; header_4_font_size_phone=&#8221;18px&#8221; header_4_font_size_last_edited=&#8221;on|phone&#8221; header_4_line_height=&#8221;1.5em&#8221; header_4_text_shadow_style=&#8221;preset2&#8243; custom_padding=&#8221;10px|||&#8221; custom_margin=&#8221;||5px|&#8221;]<\/p>\n<h4 style=\"text-align: center;\"><strong>Portafolio Tem\u00e1tico<\/strong><\/h4>\n<p>[\/et_pb_text][et_pb_text _builder_version=&#8221;3.3.1&#8243; ul_item_indent=&#8221;18px&#8221; ul_position=&#8221;inside&#8221; ul_text_color=&#8221;#24388d&#8221; border_width_all=&#8221;1px&#8221; border_color_all=&#8221;#f39200&#8243; custom_padding=&#8221;10px|10px|10px|10px&#8221; animation_style=&#8221;zoom&#8221; ul_font_size_phone=&#8221;13px&#8221; ul_font_size_last_edited=&#8221;on|phone&#8221; text_font_size_tablet=&#8221;15px&#8221; text_font_size_phone=&#8221;14px&#8221; text_font_size_last_edited=&#8221;on|phone&#8221;]<\/p>\n<ul>\n<li>Conceptualizaci\u00f3n BIM<\/li>\n<li>Implementaci\u00f3n de Sistemas de Informaci\u00f3n Geogr\u00e1fica<\/li>\n<li>Optimizaci\u00f3n de Flujos de Trabajo Fotogram\u00e9tricos<\/li>\n<li>Log\u00edstica de Brigadas Topogr\u00e1ficas<\/li>\n<li>Revisi\u00f3n de Sistemas de Monitoreo de estructuras<\/li>\n<li>Procesos Colecci\u00f3n de Datos en Plataforma A\u00e9rea tripulada<\/li>\n<li>Integraci\u00f3n de paquetes de datos de Drones (UAV)<\/li>\n<li>Depuraci\u00f3n de Bases de Datos Relacionales<\/li>\n<li>An\u00e1lisis Big Data<\/li>\n<\/ul>\n<p>[\/et_pb_text][\/et_pb_column][\/et_pb_row][\/et_pb_section][et_pb_section bb_built=&#8221;1&#8243; specialty=&#8221;on&#8221; _builder_version=&#8221;3.3.1&#8243; background_color=&#8221;#203c89&#8243; top_divider_style=&#8221;arrow2&#8243; top_divider_height=&#8221;41px&#8221; top_divider_flip=&#8221;vertical&#8221; custom_margin_last_edited=&#8221;on|desktop&#8221; border_width_all=&#8221;1px&#8221; border_width_top=&#8221;0px&#8221; border_width_right=&#8221;0px&#8221; border_width_left=&#8221;0px&#8221; border_color_all=&#8221;#f39400&#8243; custom_padding=&#8221;||0px|&#8221; global_module=&#8221;639&#8243; prev_background_color=&#8221;#ffffff&#8221;][et_pb_column type=&#8221;1_4&#8243;][et_pb_image global_parent=&#8221;639&#8243; _builder_version=&#8221;3.3.1&#8243; src=&#8221;https:\/\/gissa.mx\/wp-content\/uploads\/2018\/05\/GISSA-logo-WC.png&#8221; url=&#8221;http:\/\/www.gissa.mx&#8221; custom_margin=&#8221;-25px|||&#8221; align=&#8221;center&#8221; custom_css_main_element=&#8221;max-width:150px;&#8221; \/][et_pb_button global_parent=&#8221;639&#8243; _builder_version=&#8221;3.3.1&#8243; button_text=&#8221;Contactar&#8221; button_url=&#8221;https:\/\/gissa.mx\/index.php\/contacto\/&#8221; button_alignment=&#8221;center&#8221; custom_button=&#8221;on&#8221; button_bg_color=&#8221;#fffbf4&#8243; button_bg_color_hover=&#8221;#fffbf4&#8243; button_border_width=&#8221;0&#8243; \/][\/et_pb_column][et_pb_column type=&#8221;3_4&#8243; specialty_columns=&#8221;3&#8243;][et_pb_row_inner admin_label=&#8221;Fila&#8221; global_parent=&#8221;639&#8243; _builder_version=&#8221;3.3.1&#8243;][et_pb_column_inner type=&#8221;4_4&#8243; saved_specialty_column_type=&#8221;3_4&#8243;][et_pb_text global_parent=&#8221;639&#8243; _builder_version=&#8221;3.3.1&#8243; text_font_size_tablet=&#8221;15px&#8221; text_font_size_phone=&#8221;14px&#8221; text_font_size_last_edited=&#8221;on|phone&#8221; background_layout=&#8221;dark&#8221; text_text_color=&#8221;#b5dee6&#8243;]<\/p>\n<p style=\"text-align: center;\"><strong>Donde estamos<\/strong><\/p>\n<p>[\/et_pb_text][et_pb_divider global_parent=&#8221;639&#8243; _builder_version=&#8221;3.3.1&#8243; color=&#8221;#b5dee6&#8243; height=&#8221;5px&#8221; custom_margin=&#8221;-10px||-35px|&#8221; \/][\/et_pb_column_inner][\/et_pb_row_inner][et_pb_row_inner admin_label=&#8221;Fila&#8221; global_parent=&#8221;639&#8243;][et_pb_column_inner type=&#8221;1_3&#8243; saved_specialty_column_type=&#8221;3_4&#8243;][et_pb_text global_parent=&#8221;639&#8243; _builder_version=&#8221;3.3.1&#8243; text_font_size_tablet=&#8221;13px&#8221; text_font_size_phone=&#8221;12px&#8221; text_font_size_last_edited=&#8221;on|desktop&#8221; background_layout=&#8221;dark&#8221; text_line_height=&#8221;1.2em&#8221; text_font_size=&#8221;14px&#8221; header_4_text_color=&#8221;#fffbf4&#8243;]<\/p>\n<h4 class=\"p1\"><em><strong><span class=\"s1\">Crea Business Center<\/span><\/strong><\/em><\/h4>\n<p class=\"p1\"><span class=\"s1\"> Eje 3 Poniente (Av. Coyoac\u00e1n) 1622, Del Valle, <\/span><\/p>\n<p class=\"p1\"><span class=\"s1\">03100 Benito Ju\u00e1rez, CDMX<\/span><\/p>\n<p>[\/et_pb_text][\/et_pb_column_inner][et_pb_column_inner type=&#8221;1_3&#8243; saved_specialty_column_type=&#8221;3_4&#8243;][et_pb_text global_parent=&#8221;639&#8243; _builder_version=&#8221;3.3.1&#8243; text_font_size_tablet=&#8221;13px&#8221; text_font_size_phone=&#8221;12px&#8221; text_font_size_last_edited=&#8221;on|desktop&#8221; background_layout=&#8221;dark&#8221; text_line_height=&#8221;1.2em&#8221; text_font_size=&#8221;14px&#8221; header_4_text_color=&#8221;#fffbf4&#8243;]<\/p>\n<h4 class=\"p1\"><em><strong><span class=\"s1\">Oficina de Miner\u00eda<\/span><\/strong><\/em><\/h4>\n<p class=\"p1\"><span class=\"s1\"> Calle de Tacuba 5, Centro Hist\u00f3rico, Centro, <\/span><\/p>\n<p class=\"p1\"><span class=\"s1\">06000 Ciudad de M\u00e9xico, CDMX<\/span><\/p>\n<p>[\/et_pb_text][\/et_pb_column_inner][et_pb_column_inner type=&#8221;1_3&#8243; saved_specialty_column_type=&#8221;3_4&#8243;][et_pb_text global_parent=&#8221;639&#8243; _builder_version=&#8221;3.3.1&#8243; text_font_size_tablet=&#8221;13px&#8221; text_font_size_phone=&#8221;12px&#8221; text_font_size_last_edited=&#8221;on|desktop&#8221; background_layout=&#8221;dark&#8221; text_line_height=&#8221;1.2em&#8221; text_font_size=&#8221;14px&#8221; header_4_text_color=&#8221;#fffbf4&#8243;]<\/p>\n<h4 class=\"p1\"><em><strong><span class=\"s1\">Complejo Metr\u00f3poli Patriotismo<\/span><\/strong><\/em><\/h4>\n<p class=\"p1\"><span class=\"s1\"> Patriotismo 229, Pisos 7, Col. San Pedro de los Pinos, <\/span><\/p>\n<p class=\"p1\"><span class=\"s1\">03800 Ciudad de M\u00e9xico, CDMX<\/span><\/p>\n<p>[\/et_pb_text][\/et_pb_column_inner][\/et_pb_row_inner][\/et_pb_column][\/et_pb_section]<\/p>\n","protected":false},"excerpt":{"rendered":"<p>[et_pb_section bb_built=&#8221;1&#8243; fullwidth=&#8221;on&#8221; specialty=&#8221;off&#8221; _builder_version=&#8221;3.3.1&#8243; background_image=&#8221;https:\/\/gissa.mx\/wp-content\/uploads\/2018\/05\/GISSA-consultoria.jpg&#8221; parallax=&#8221;on&#8221; bottom_divider_style=&#8221;arrow&#8221; bottom_divider_height=&#8221;40px&#8221; custom_css_main_element=&#8221;min-height:600px;&#8221; next_background_color=&#8221;#ffffff&#8221;][et_pb_fullwidth_header admin_label=&#8221;Consultor\u00eda&#8221; _builder_version=&#8221;3.3.1&#8243; text_orientation=&#8221;center&#8221; header_scroll_down=&#8221;on&#8221; scroll_down_icon=&#8221;%%5%%&#8221; scroll_down_icon_size=&#8221;60px&#8221; image_orientation=&#8221;bottom&#8221; text_shadow_style=&#8221;preset1&#8243; background_color=&#8221;rgba(255, 255, 255, 0)&#8221; title_text_color=&#8221;#b5dee6&#8243; title_font_size=&#8221;40px&#8221; title_font_size_tablet=&#8221;37px&#8221; title_font_size_phone=&#8221;34px&#8221; title_font_size_last_edited=&#8221;on|phone&#8221; title_text_shadow_style=&#8221;preset3&#8243; title_text_shadow_color=&#8221;rgba(0,0,0,0.6)&#8221; title_line_height=&#8221;1.2em&#8221; scroll_down_icon_color=&#8221;#f39200&#8243; scroll_down_icon_size_tablet=&#8221;55px&#8221; scroll_down_icon_size_last_edited=&#8221;on|tablet&#8221; content_text_color=&#8221;#ffffff&#8221; content_font_size=&#8221;34px&#8221; content_text_shadow_style=&#8221;preset1&#8243; content_font_size_last_edited=&#8221;on|phone&#8221; content_line_height=&#8221;1.5em&#8221; content_font=&#8221;Averia Sans Libre|700|||||||&#8221; content_font_size_tablet=&#8221;30px&#8221; content_font_size_phone=&#8221;27px&#8221;] &nbsp; &nbsp; &nbsp; CONSULTOR\u00cdA GISSA &nbsp; &nbsp; Consultor\u00eda tecnol\u00f3gica especializada &nbsp; [&hellip;]<\/p>\n","protected":false},"author":1,"featured_media":0,"parent":0,"menu_order":0,"comment_status":"closed","ping_status":"closed","template":"","meta":{"_et_pb_use_builder":"on","_et_pb_old_content":"","_et_gb_content_width":"","footnotes":""},"class_list":["post-277","page","type-page","status-publish","hentry"],"_links":{"self":[{"href":"https:\/\/gissa.mx\/index.php\/wp-json\/wp\/v2\/pages\/277","targetHints":{"allow":["GET"]}}],"collection":[{"href":"https:\/\/gissa.mx\/index.php\/wp-json\/wp\/v2\/pages"}],"about":[{"href":"https:\/\/gissa.mx\/index.php\/wp-json\/wp\/v2\/types\/page"}],"author":[{"embeddable":true,"href":"https:\/\/gissa.mx\/index.php\/wp-json\/wp\/v2\/users\/1"}],"replies":[{"embeddable":true,"href":"https:\/\/gissa.mx\/index.php\/wp-json\/wp\/v2\/comments?post=277"}],"version-history":[{"count":23,"href":"https:\/\/gissa.mx\/index.php\/wp-json\/wp\/v2\/pages\/277\/revisions"}],"predecessor-version":[{"id":281,"href":"https:\/\/gissa.mx\/index.php\/wp-json\/wp\/v2\/pages\/277\/revisions\/281"}],"wp:attachment":[{"href":"https:\/\/gissa.mx\/index.php\/wp-json\/wp\/v2\/media?parent=277"}],"curies":[{"name":"wp","href":"https:\/\/api.w.org\/{rel}","templated":true}]}}