{"id":309,"date":"2018-05-22T00:42:03","date_gmt":"2018-05-22T00:42:03","guid":{"rendered":"http:\/\/gissa.mx\/?page_id=309"},"modified":"2018-05-28T14:11:23","modified_gmt":"2018-05-28T14:11:23","slug":"dataset","status":"publish","type":"page","link":"https:\/\/gissa.mx\/index.php\/dataset\/","title":{"rendered":"Dataset"},"content":{"rendered":"<p>[et_pb_section bb_built=&#8221;1&#8243; fullwidth=&#8221;on&#8221; specialty=&#8221;off&#8221; _builder_version=&#8221;3.3.1&#8243; background_image=&#8221;https:\/\/gissa.mx\/wp-content\/uploads\/2018\/05\/GISSA-dataset.jpg&#8221; parallax=&#8221;on&#8221; bottom_divider_style=&#8221;arrow&#8221; bottom_divider_height=&#8221;40px&#8221; custom_css_main_element=&#8221;min-height:600px;&#8221; next_background_color=&#8221;#ffffff&#8221;][et_pb_fullwidth_header admin_label=&#8221;Dataset&#8221; _builder_version=&#8221;3.3.1&#8243; text_orientation=&#8221;center&#8221; header_scroll_down=&#8221;on&#8221; scroll_down_icon=&#8221;%%5%%&#8221; scroll_down_icon_size=&#8221;60px&#8221; image_orientation=&#8221;bottom&#8221; text_shadow_style=&#8221;preset1&#8243; background_color=&#8221;rgba(255, 255, 255, 0)&#8221; title_text_color=&#8221;#b5dee6&#8243; title_font_size=&#8221;40px&#8221; title_font_size_tablet=&#8221;37px&#8221; title_font_size_phone=&#8221;34px&#8221; title_font_size_last_edited=&#8221;on|phone&#8221; title_text_shadow_style=&#8221;preset3&#8243; title_text_shadow_color=&#8221;rgba(0,0,0,0.6)&#8221; title_line_height=&#8221;1.2em&#8221; scroll_down_icon_color=&#8221;#f39200&#8243; scroll_down_icon_size_tablet=&#8221;55px&#8221; scroll_down_icon_size_last_edited=&#8221;on|phone&#8221; header_image_url=&#8221;https:\/\/gissa.mx\/wp-content\/uploads\/2018\/05\/GISSA-dataset-iconos.png&#8221; animation_style=&#8221;zoom&#8221; scroll_down_icon_size_phone=&#8221;50px&#8221;]<\/p>\n<p>&nbsp;<\/p>\n<p>&nbsp;<\/p>\n<h1 style=\"text-align: center;\">DATASET SATELITAL<\/h1>\n<p>&nbsp;<\/p>\n<p>[\/et_pb_fullwidth_header][\/et_pb_section][et_pb_section bb_built=&#8221;1&#8243; fullwidth=&#8221;off&#8221; specialty=&#8221;off&#8221; prev_background_color=&#8221;#000000&#8243; next_background_color=&#8221;#000000&#8243; _builder_version=&#8221;3.3.1&#8243;][et_pb_row][et_pb_column type=&#8221;4_4&#8243;][et_pb_text admin_label=&#8221;Subtitulo&#8221; _builder_version=&#8221;3.3.1&#8243; header_3_font=&#8221;|600|||||||&#8221; header_3_text_color=&#8221;#41bbca&#8221; header_3_font_size_tablet=&#8221;21px&#8221; header_3_font_size_phone=&#8221;20px&#8221; header_3_font_size_last_edited=&#8221;on|phone&#8221; header_3_line_height=&#8221;1.2em&#8221; header_3_text_shadow_blur_strength=&#8221;0.3em&#8221;]<\/p>\n<h3 style=\"text-align: center;\"><strong><em>GISSA<\/em><\/strong><em> cuenta con experiencia de mas de 20 a\u00f1os en proyectos de restituci\u00f3n fotogram\u00e9trica, a partir de im\u00e1genes fotogr\u00e1ficas a\u00e9reas o escenas de sat\u00e9lite.<\/em><\/h3>\n<p>[\/et_pb_text][\/et_pb_column][\/et_pb_row][et_pb_row][et_pb_column type=&#8221;1_3&#8243;][et_pb_image _builder_version=&#8221;3.3.1&#8243; src=&#8221;https:\/\/gissa.mx\/wp-content\/uploads\/2018\/05\/GISSA-icono-dataset-1.jpg&#8221; \/][\/et_pb_column][et_pb_column type=&#8221;2_3&#8243;][et_pb_text _builder_version=&#8221;3.3.1&#8243; ul_line_height=&#8221;2em&#8221; ul_font=&#8221;||on||||||&#8221; ul_text_color=&#8221;#24388d&#8221; text_font_size_tablet=&#8221;15px&#8221; text_font_size_phone=&#8221;14px&#8221; text_font_size_last_edited=&#8221;on|phone&#8221;]<\/p>\n<p>Diversos tipos de soluciones cartogr\u00e1ficas a instituciones y dependencias de gobierno, como a instituciones de Catastro y Organizaciones Privadas dedicadas a la creaci\u00f3n de infraestructura urbana emplean im\u00e1genes de sat\u00e9lite en las tres capas de procesos de gesti\u00f3n:<\/p>\n<p>[\/et_pb_text][et_pb_text _builder_version=&#8221;3.3.1&#8243; text_font_size_tablet=&#8221;15px&#8221; text_font_size_phone=&#8221;14px&#8221; text_font_size_last_edited=&#8221;on|phone&#8221; custom_padding=&#8221;20px|15px||20px&#8221; border_width_all=&#8221;1px&#8221; border_color_all=&#8221;#f39200&#8243; text_text_color=&#8221;#24388d&#8221;]<\/p>\n<ul>\n<li>Procesos de Soporte Topogr\u00e1fico y Cartogr\u00e1fico<\/li>\n<li>Procesos asistenciales de actualizaci\u00f3n<\/li>\n<li>Procesos de Expediente electr\u00f3nico y bases de datos<\/li>\n<\/ul>\n<p>[\/et_pb_text][\/et_pb_column][\/et_pb_row][\/et_pb_section][et_pb_section bb_built=&#8221;1&#8243; specialty=&#8221;off&#8221; prev_background_color=&#8221;#000000&#8243; _builder_version=&#8221;3.3.1&#8243; next_background_color=&#8221;#203c89&#8243;][et_pb_row _builder_version=&#8221;3.3.1&#8243; custom_css_main_element=&#8221;max-width:800px;||margin-top: -100px;||margin-bottom: 0px;||margin-right: auto;||margin-left: auto;&#8221;][et_pb_column type=&#8221;4_4&#8243;][et_pb_divider _builder_version=&#8221;3.3.1&#8243; height=&#8221;5px&#8221; animation_style=&#8221;zoom&#8221; color=&#8221;#919191&#8243; \/][\/et_pb_column][\/et_pb_row][et_pb_row _builder_version=&#8221;3.3.1&#8243; custom_css_main_element=&#8221;max-width:800px;||margin-top: 0px;||margin-bottom: 0px;||margin-right: auto;||margin-left: auto;&#8221;][et_pb_column type=&#8221;1_4&#8243;][et_pb_image admin_label=&#8221;Digital Globe&#8221; _builder_version=&#8221;3.3.1&#8243; src=&#8221;https:\/\/gissa.mx\/wp-content\/uploads\/2018\/05\/logo-DigitalGlobe.png&#8221; url=&#8221;https:\/\/www.digitalglobe.com\/&#8221; url_new_window=&#8221;on&#8221; align=&#8221;center&#8221; animation_style=&#8221;zoom&#8221; module_class=&#8221;grayscale&#8221; \/][\/et_pb_column][et_pb_column type=&#8221;1_4&#8243;][et_pb_image admin_label=&#8221;MDA&#8221; _builder_version=&#8221;3.3.1&#8243; src=&#8221;https:\/\/gissa.mx\/wp-content\/uploads\/2018\/05\/logo-MDA.png&#8221; url=&#8221;https:\/\/mdacorporation.com\/&#8221; url_new_window=&#8221;on&#8221; align=&#8221;center&#8221; animation_style=&#8221;zoom&#8221; module_class=&#8221;grayscale&#8221; \/][\/et_pb_column][et_pb_column type=&#8221;1_4&#8243;][et_pb_image admin_label=&#8221;Planet&#8221; _builder_version=&#8221;3.3.1&#8243; src=&#8221;https:\/\/gissa.mx\/wp-content\/uploads\/2018\/05\/logo-Planet.png&#8221; url=&#8221;https:\/\/www.planet.com\/&#8221; url_new_window=&#8221;on&#8221; align=&#8221;center&#8221; animation_style=&#8221;zoom&#8221; module_class=&#8221;grayscale&#8221; \/][\/et_pb_column][et_pb_column type=&#8221;1_4&#8243;][et_pb_image admin_label=&#8221;PCI&#8221; _builder_version=&#8221;3.3.1&#8243; src=&#8221;https:\/\/gissa.mx\/wp-content\/uploads\/2018\/05\/logo-PCI.png&#8221; url=&#8221;http:\/\/www.pcigeomatics.com\/&#8221; url_new_window=&#8221;on&#8221; align=&#8221;center&#8221; animation_style=&#8221;zoom&#8221; module_class=&#8221;grayscale&#8221; \/][\/et_pb_column][\/et_pb_row][\/et_pb_section][et_pb_section bb_built=&#8221;1&#8243; specialty=&#8221;on&#8221; _builder_version=&#8221;3.3.1&#8243; background_color=&#8221;#203c89&#8243; top_divider_style=&#8221;arrow2&#8243; top_divider_height=&#8221;41px&#8221; top_divider_flip=&#8221;vertical&#8221; custom_margin_last_edited=&#8221;on|desktop&#8221; border_width_all=&#8221;1px&#8221; border_width_top=&#8221;0px&#8221; border_width_right=&#8221;0px&#8221; border_width_left=&#8221;0px&#8221; border_color_all=&#8221;#f39400&#8243; custom_padding=&#8221;||0px|&#8221; global_module=&#8221;639&#8243; prev_background_color=&#8221;#ffffff&#8221;][et_pb_column type=&#8221;1_4&#8243;][et_pb_image global_parent=&#8221;639&#8243; _builder_version=&#8221;3.3.1&#8243; src=&#8221;https:\/\/gissa.mx\/wp-content\/uploads\/2018\/05\/GISSA-logo-WC.png&#8221; url=&#8221;http:\/\/www.gissa.mx&#8221; custom_margin=&#8221;-25px|||&#8221; align=&#8221;center&#8221; custom_css_main_element=&#8221;max-width:150px;&#8221; \/][et_pb_button global_parent=&#8221;639&#8243; _builder_version=&#8221;3.3.1&#8243; button_text=&#8221;Contactar&#8221; button_url=&#8221;https:\/\/gissa.mx\/index.php\/contacto\/&#8221; button_alignment=&#8221;center&#8221; custom_button=&#8221;on&#8221; button_bg_color=&#8221;#fffbf4&#8243; button_bg_color_hover=&#8221;#fffbf4&#8243; button_border_width=&#8221;0&#8243; \/][\/et_pb_column][et_pb_column type=&#8221;3_4&#8243; specialty_columns=&#8221;3&#8243;][et_pb_row_inner admin_label=&#8221;Fila&#8221; global_parent=&#8221;639&#8243; _builder_version=&#8221;3.3.1&#8243;][et_pb_column_inner type=&#8221;4_4&#8243; saved_specialty_column_type=&#8221;3_4&#8243;][et_pb_text global_parent=&#8221;639&#8243; _builder_version=&#8221;3.3.1&#8243; text_font_size_tablet=&#8221;15px&#8221; text_font_size_phone=&#8221;14px&#8221; text_font_size_last_edited=&#8221;on|phone&#8221; background_layout=&#8221;dark&#8221; text_text_color=&#8221;#b5dee6&#8243;]<\/p>\n<p style=\"text-align: center;\"><strong>Donde estamos<\/strong><\/p>\n<p>[\/et_pb_text][et_pb_divider global_parent=&#8221;639&#8243; _builder_version=&#8221;3.3.1&#8243; color=&#8221;#b5dee6&#8243; height=&#8221;5px&#8221; custom_margin=&#8221;-10px||-35px|&#8221; \/][\/et_pb_column_inner][\/et_pb_row_inner][et_pb_row_inner admin_label=&#8221;Fila&#8221; global_parent=&#8221;639&#8243;][et_pb_column_inner type=&#8221;1_3&#8243; saved_specialty_column_type=&#8221;3_4&#8243;][et_pb_text global_parent=&#8221;639&#8243; _builder_version=&#8221;3.3.1&#8243; text_font_size_tablet=&#8221;13px&#8221; text_font_size_phone=&#8221;12px&#8221; text_font_size_last_edited=&#8221;on|desktop&#8221; background_layout=&#8221;dark&#8221; text_line_height=&#8221;1.2em&#8221; text_font_size=&#8221;14px&#8221; header_4_text_color=&#8221;#fffbf4&#8243;]<\/p>\n<h4 class=\"p1\"><em><strong><span class=\"s1\">Crea Business Center<\/span><\/strong><\/em><\/h4>\n<p class=\"p1\"><span class=\"s1\"> Eje 3 Poniente (Av. Coyoac\u00e1n) 1622, Del Valle, <\/span><\/p>\n<p class=\"p1\"><span class=\"s1\">03100 Benito Ju\u00e1rez, CDMX<\/span><\/p>\n<p>[\/et_pb_text][\/et_pb_column_inner][et_pb_column_inner type=&#8221;1_3&#8243; saved_specialty_column_type=&#8221;3_4&#8243;][et_pb_text global_parent=&#8221;639&#8243; _builder_version=&#8221;3.3.1&#8243; text_font_size_tablet=&#8221;13px&#8221; text_font_size_phone=&#8221;12px&#8221; text_font_size_last_edited=&#8221;on|desktop&#8221; background_layout=&#8221;dark&#8221; text_line_height=&#8221;1.2em&#8221; text_font_size=&#8221;14px&#8221; header_4_text_color=&#8221;#fffbf4&#8243;]<\/p>\n<h4 class=\"p1\"><em><strong><span class=\"s1\">Oficina de Miner\u00eda<\/span><\/strong><\/em><\/h4>\n<p class=\"p1\"><span class=\"s1\"> Calle de Tacuba 5, Centro Hist\u00f3rico, Centro, <\/span><\/p>\n<p class=\"p1\"><span class=\"s1\">06000 Ciudad de M\u00e9xico, CDMX<\/span><\/p>\n<p>[\/et_pb_text][\/et_pb_column_inner][et_pb_column_inner type=&#8221;1_3&#8243; saved_specialty_column_type=&#8221;3_4&#8243;][et_pb_text global_parent=&#8221;639&#8243; _builder_version=&#8221;3.3.1&#8243; text_font_size_tablet=&#8221;13px&#8221; text_font_size_phone=&#8221;12px&#8221; text_font_size_last_edited=&#8221;on|desktop&#8221; background_layout=&#8221;dark&#8221; text_line_height=&#8221;1.2em&#8221; text_font_size=&#8221;14px&#8221; header_4_text_color=&#8221;#fffbf4&#8243;]<\/p>\n<h4 class=\"p1\"><em><strong><span class=\"s1\">Complejo Metr\u00f3poli Patriotismo<\/span><\/strong><\/em><\/h4>\n<p class=\"p1\"><span class=\"s1\"> Patriotismo 229, Pisos 7, Col. San Pedro de los Pinos, <\/span><\/p>\n<p class=\"p1\"><span class=\"s1\">03800 Ciudad de M\u00e9xico, CDMX<\/span><\/p>\n<p>[\/et_pb_text][\/et_pb_column_inner][\/et_pb_row_inner][\/et_pb_column][\/et_pb_section]<\/p>\n","protected":false},"excerpt":{"rendered":"<p>[et_pb_section bb_built=&#8221;1&#8243; fullwidth=&#8221;on&#8221; specialty=&#8221;off&#8221; _builder_version=&#8221;3.3.1&#8243; background_image=&#8221;https:\/\/gissa.mx\/wp-content\/uploads\/2018\/05\/GISSA-dataset.jpg&#8221; parallax=&#8221;on&#8221; bottom_divider_style=&#8221;arrow&#8221; bottom_divider_height=&#8221;40px&#8221; custom_css_main_element=&#8221;min-height:600px;&#8221; next_background_color=&#8221;#ffffff&#8221;][et_pb_fullwidth_header admin_label=&#8221;Dataset&#8221; _builder_version=&#8221;3.3.1&#8243; text_orientation=&#8221;center&#8221; header_scroll_down=&#8221;on&#8221; scroll_down_icon=&#8221;%%5%%&#8221; scroll_down_icon_size=&#8221;60px&#8221; image_orientation=&#8221;bottom&#8221; text_shadow_style=&#8221;preset1&#8243; background_color=&#8221;rgba(255, 255, 255, 0)&#8221; title_text_color=&#8221;#b5dee6&#8243; title_font_size=&#8221;40px&#8221; title_font_size_tablet=&#8221;37px&#8221; title_font_size_phone=&#8221;34px&#8221; title_font_size_last_edited=&#8221;on|phone&#8221; title_text_shadow_style=&#8221;preset3&#8243; title_text_shadow_color=&#8221;rgba(0,0,0,0.6)&#8221; title_line_height=&#8221;1.2em&#8221; scroll_down_icon_color=&#8221;#f39200&#8243; scroll_down_icon_size_tablet=&#8221;55px&#8221; scroll_down_icon_size_last_edited=&#8221;on|phone&#8221; header_image_url=&#8221;https:\/\/gissa.mx\/wp-content\/uploads\/2018\/05\/GISSA-dataset-iconos.png&#8221; animation_style=&#8221;zoom&#8221; scroll_down_icon_size_phone=&#8221;50px&#8221;] &nbsp; &nbsp; DATASET SATELITAL &nbsp; [\/et_pb_fullwidth_header][\/et_pb_section][et_pb_section bb_built=&#8221;1&#8243; fullwidth=&#8221;off&#8221; specialty=&#8221;off&#8221; prev_background_color=&#8221;#000000&#8243; next_background_color=&#8221;#000000&#8243; _builder_version=&#8221;3.3.1&#8243;][et_pb_row][et_pb_column type=&#8221;4_4&#8243;][et_pb_text admin_label=&#8221;Subtitulo&#8221; _builder_version=&#8221;3.3.1&#8243; header_3_font=&#8221;|600|||||||&#8221; header_3_text_color=&#8221;#41bbca&#8221; header_3_font_size_tablet=&#8221;21px&#8221; [&hellip;]<\/p>\n","protected":false},"author":1,"featured_media":0,"parent":0,"menu_order":0,"comment_status":"closed","ping_status":"closed","template":"","meta":{"_et_pb_use_builder":"on","_et_pb_old_content":"","_et_gb_content_width":"","footnotes":""},"class_list":["post-309","page","type-page","status-publish","hentry"],"_links":{"self":[{"href":"https:\/\/gissa.mx\/index.php\/wp-json\/wp\/v2\/pages\/309","targetHints":{"allow":["GET"]}}],"collection":[{"href":"https:\/\/gissa.mx\/index.php\/wp-json\/wp\/v2\/pages"}],"about":[{"href":"https:\/\/gissa.mx\/index.php\/wp-json\/wp\/v2\/types\/page"}],"author":[{"embeddable":true,"href":"https:\/\/gissa.mx\/index.php\/wp-json\/wp\/v2\/users\/1"}],"replies":[{"embeddable":true,"href":"https:\/\/gissa.mx\/index.php\/wp-json\/wp\/v2\/comments?post=309"}],"version-history":[{"count":18,"href":"https:\/\/gissa.mx\/index.php\/wp-json\/wp\/v2\/pages\/309\/revisions"}],"predecessor-version":[{"id":662,"href":"https:\/\/gissa.mx\/index.php\/wp-json\/wp\/v2\/pages\/309\/revisions\/662"}],"wp:attachment":[{"href":"https:\/\/gissa.mx\/index.php\/wp-json\/wp\/v2\/media?parent=309"}],"curies":[{"name":"wp","href":"https:\/\/api.w.org\/{rel}","templated":true}]}}